{"id":451,"date":"2023-06-27T13:55:49","date_gmt":"2023-06-27T11:55:49","guid":{"rendered":"https:\/\/ho-bauputz.de\/?page_id=451"},"modified":"2023-09-22T13:51:42","modified_gmt":"2023-09-22T11:51:42","slug":"impressum","status":"publish","type":"page","link":"https:\/\/ho-bauputz.de\/?page_id=451","title":{"rendered":"Impressum"},"content":{"rendered":"\t\t<div data-elementor-type=\"wp-page\" data-elementor-id=\"451\" class=\"elementor elementor-451\" data-elementor-post-type=\"page\">\n\t\t\t\t<div class=\"elementor-element elementor-element-e9617f3 e-flex e-con-boxed e-con e-parent\" data-id=\"e9617f3\" data-element_type=\"container\" data-e-type=\"container\" data-settings=\"{&quot;background_background&quot;:&quot;classic&quot;}\">\n\t\t\t\t\t<div class=\"e-con-inner\">\n\t\t\t\t\t<\/div>\n\t\t\t\t<\/div>\n\t\t<div class=\"elementor-element elementor-element-60910a5 e-flex e-con-boxed e-con e-parent\" data-id=\"60910a5\" data-element_type=\"container\" data-e-type=\"container\">\n\t\t\t\t\t<div class=\"e-con-inner\">\n\t\t\t\t<div class=\"elementor-element elementor-element-78252aa elementor-widget elementor-widget-spacer\" data-id=\"78252aa\" data-element_type=\"widget\" data-e-type=\"widget\" data-widget_type=\"spacer.default\">\n\t\t\t\t<div class=\"elementor-widget-container\">\n\t\t\t\t\t\t\t<div class=\"elementor-spacer\">\n\t\t\t<div class=\"elementor-spacer-inner\"><\/div>\n\t\t<\/div>\n\t\t\t\t\t\t<\/div>\n\t\t\t\t<\/div>\n\t\t\t\t<div class=\"elementor-element elementor-element-8dbaa07 elementor-widget elementor-widget-heading\" data-id=\"8dbaa07\" data-element_type=\"widget\" data-e-type=\"widget\" data-widget_type=\"heading.default\">\n\t\t\t\t<div class=\"elementor-widget-container\">\n\t\t\t\t\t<h1 class=\"elementor-heading-title elementor-size-default\">Impressum<\/h1>\t\t\t\t<\/div>\n\t\t\t\t<\/div>\n\t\t\t\t<div class=\"elementor-element elementor-element-6ad2443 elementor-widget elementor-widget-text-editor\" data-id=\"6ad2443\" data-element_type=\"widget\" data-e-type=\"widget\" data-widget_type=\"text-editor.default\">\n\t\t\t\t<div class=\"elementor-widget-container\">\n\t\t\t\t\t\t\t\t\t<h2>Angaben gem\u00e4\u00df \u00a7 5 TMG<\/h2><p><span style=\"font-weight: 400;\">H&amp;O Bau und Putz UG<\/span><\/p><p>Fichtenstra\u00dfe 10 <br \/>86825 Bad W\u00f6rishofen<\/p><h3>Handelsregister<\/h3><p>HRB14824<br \/>Amtsgericht Memmingen<\/p><h2><span style=\"font-size: 16px;\"><b>Vertreten durch:<\/b><\/span><\/h2><div class=\"elementor-element elementor-element-0beb985 elementor-widget elementor-widget-heading\" data-id=\"0beb985\" data-element_type=\"widget\" data-widget_type=\"heading.default\"><div class=\"elementor-widget-container\"><p><span style=\"font-weight: 400;\">Gesch\u00e4ftsf\u00fchrer: Luan Halimaj<\/span><\/p><\/div><\/div><h2>Kontakt<\/h2><p>Mobil: <span style=\"font-weight: 400;\">+49 17631163504<\/span><\/p><p>E-Mail: info@ho-bauputz.de<\/p><h2>Steuernummer<\/h2><p><strong>138\/128\/60393<\/strong><\/p><p>\u00a0<\/p><h2>Verbraucher\u00adstreit\u00adbeilegung\/Universal\u00adschlichtungs\u00adstelle<\/h2><p>Wir sind nicht bereit oder verpflichtet, an Streitbeilegungsverfahren vor einer Verbraucherschlichtungsstelle teilzunehmen.<\/p><p>Quelle:\u00a0<a href=\"https:\/\/www.e-recht24.de\/impressum-generator.html\">https:\/\/www.e-recht24.de\/impressum-generato<\/a><\/p>\t\t\t\t\t\t\t\t<\/div>\n\t\t\t\t<\/div>\n\t\t\t\t\t<\/div>\n\t\t\t\t<\/div>\n\t\t\t\t<\/div>\n\t\t","protected":false},"excerpt":{"rendered":"<p>Impressum Angaben gem\u00e4\u00df \u00a7 5 TMG H&amp;O Bau und Putz UG Fichtenstra\u00dfe 10 86825 Bad W\u00f6rishofen Handelsregister HRB14824Amtsgericht Memmingen Vertreten durch: Gesch\u00e4ftsf\u00fchrer: Luan Halimaj Kontakt Mobil: +49 17631163504 E-Mail: info@ho-bauputz.de Steuernummer 138\/128\/60393 \u00a0 Verbraucher\u00adstreit\u00adbeilegung\/Universal\u00adschlichtungs\u00adstelle Wir sind nicht bereit oder verpflichtet, an Streitbeilegungsverfahren vor einer Verbraucherschlichtungsstelle teilzunehmen. Quelle:\u00a0https:\/\/www.e-recht24.de\/impressum-generato<\/p>\n","protected":false},"author":1,"featured_media":0,"parent":0,"menu_order":0,"comment_status":"closed","ping_status":"closed","template":"elementor_header_footer","meta":{"footnotes":""},"class_list":["post-451","page","type-page","status-publish","hentry"],"_links":{"self":[{"href":"https:\/\/ho-bauputz.de\/index.php?rest_route=\/wp\/v2\/pages\/451","targetHints":{"allow":["GET"]}}],"collection":[{"href":"https:\/\/ho-bauputz.de\/index.php?rest_route=\/wp\/v2\/pages"}],"about":[{"href":"https:\/\/ho-bauputz.de\/index.php?rest_route=\/wp\/v2\/types\/page"}],"author":[{"embeddable":true,"href":"https:\/\/ho-bauputz.de\/index.php?rest_route=\/wp\/v2\/users\/1"}],"replies":[{"embeddable":true,"href":"https:\/\/ho-bauputz.de\/index.php?rest_route=%2Fwp%2Fv2%2Fcomments&post=451"}],"version-history":[{"count":37,"href":"https:\/\/ho-bauputz.de\/index.php?rest_route=\/wp\/v2\/pages\/451\/revisions"}],"predecessor-version":[{"id":959,"href":"https:\/\/ho-bauputz.de\/index.php?rest_route=\/wp\/v2\/pages\/451\/revisions\/959"}],"wp:attachment":[{"href":"https:\/\/ho-bauputz.de\/index.php?rest_route=%2Fwp%2Fv2%2Fmedia&parent=451"}],"curies":[{"name":"wp","href":"https:\/\/api.w.org\/{rel}","templated":true}]}}